{"id":4020,"date":"2024-11-18T04:43:15","date_gmt":"2024-11-18T03:43:15","guid":{"rendered":"https:\/\/nw.grenzlotsen.de\/consulting\/"},"modified":"2025-03-26T15:59:23","modified_gmt":"2025-03-26T14:59:23","slug":"beratung","status":"publish","type":"page","link":"https:\/\/www.grenzlotsen.de\/en\/beratung\/","title":{"rendered":"Beratung"},"content":{"rendered":"\n<p class=\"tagline\">F\u00fcr Zoll-Teams mit knappen Ressourcen<\/p>\n<h1>Zollberatung, die sich auszahlt<\/h1>\n<p>Keine Zeit f\u00fcr Optimierungen? Wir \u00fcbernehmen das! Mit unserem bew\u00e4hrten System analysieren wir alle Bereiche und setzen gezielte Ma\u00dfnahmen um. Damit garantieren wir die Compliance Deiner Zollorganisation und machen sie zugleich effizienter, innovativer und kostenbewusster.<\/p>\n<ul class=\"condensed check_bullist\">\n<li>Interne Zollaudits &amp; Compliance<\/li>\n<li>Prozessentwicklung und Umsetzung<\/li>\n<li>Standardisierung &amp; Digitalisierung\u00a0<\/li>\n<li>Erfolgreiche Steuerung durch Kennzahlen<\/li>\n<\/ul>\n<p> <img decoding=\"async\" src=\"\" \/><img decoding=\"async\" src=\"\" \/><img decoding=\"async\" src=\"https:\/\/nw.grenzlotsen.de\/wp-content\/uploads\/2024\/10\/LONGWisE-min.jpg\" \/><\/p>\n<p class=\"tagline\">&#8220;Die Zusammenarbeit mit den Grenzlotsen hat sich schnell amortisiert: 4,3% Einsparung bei jedem Import und mehr Planungssicherheit.&#8221;<\/p>\n<ul class=\"check_bullist\">\n<li><strong>Ausgangssituation <\/strong>&#8211; Ein Zollaudit zeigte potenzielle Risiken und versteckte Kosten in den Zollprozessen, insbesondere die m\u00f6gliche falsche Einreihung von K\u00fchlk\u00f6rpern in eine Zolltarifnummer mit h\u00f6herem Zollsatz.<\/li>\n<li><strong>L\u00f6sung <\/strong>&#8211; Nach detaillierter Pr\u00fcfung der K\u00fchlk\u00f6rper wurde festgestellt, dass diese spezifische Eigenschaften aufweisen, die eine andere Einreihung rechtfertigen. Ein Gutachten diente als Basis f\u00fcr einen erfolgreichen Antrag auf eine verbindliche Zolltarifauskunft (vZTA).<\/li>\n<li><strong>Prozess <\/strong>&#8211; Die Grenzlotsen f\u00fchrten eine Analyse des Materialstamms durch, erstellten ein fundiertes Gutachten, \u00fcbernahmen die Kommunikation mit den Zollbeh\u00f6rden und stellten den Antrag bei der Generalzolldirektion.<\/li>\n<li><strong>Ergebnis <\/strong>&#8211; Der Zollsatz konnte von 6,0% auf 1,7% reduziert werden, was dem Kunden 4,3% Ersparnis bei jedem Import einbringt. Zudem erm\u00f6glichte die vZTA eine r\u00fcckwirkende Erstattung bereits gezahlter Z\u00f6lle f\u00fcr bis zu drei Jahre.<\/li>\n<\/ul>\n<h3>Erfahre in einem pers\u00f6nlichen Gespr\u00e4ch mehr \u00fcber unseren Prozess<\/h3>\n<p>Lass uns gemeinsam herausfinden, wie wir Deine Zollabwicklung optimieren k\u00f6nnen. In einem unverbindlichen Erstgespr\u00e4ch analysieren wir Deine Herausforderungen und zeigen Dir, wie unser bew\u00e4hrter Ansatz Deine Ziele unterst\u00fctzt.<\/p>\n<p> <img decoding=\"async\" src=\"\" \/><img decoding=\"async\" src=\"\" \/><\/p>\n<p>Seit unserer Gr\u00fcndung im Jahr 2013 haben wir \u00fcber 1.000 Unternehmen dabei unterst\u00fctzt, ihre Zollprozesse effizienter zu gestalten, Audits erfolgreich durchzuf\u00fchren und Risiken zu minimieren. Mit uns an Deiner Seite kannst Du Dir das folgende versprechen:<\/p>\n<ul class=\"condensed check_bullist\">\n<li><strong>Sicherere Abl\u00e4ufe:<\/strong> Minimierung von Risiken und Einhaltung aller Compliance-Anforderungen.<\/li>\n<li><strong>Zeitersparnis:<\/strong> Weniger Aufwand durch optimierte Prozesse und digitale L\u00f6sungen.<\/li>\n<li><strong>Kosteneinsparungen:<\/strong> Identifikation und Nutzung von Einsparpotenzialen bei Import- und Exportvorg\u00e4ngen.<\/li>\n<li><strong>Zukunftssicherheit:<\/strong> Strukturen und Systeme, die langfristig belastbar und skalierbar sind.<\/li>\n<li><strong>Fachliche Unterst\u00fctzung:<\/strong> Ein erfahrenes Team, das Dir bei jeder Herausforderung kompetent zur Seite steht.<\/li>\n<\/ul>\n<ol>\n<li><strong>Termin vereinbaren \u2013<\/strong> W\u00e4hle einen passenden Zeitpunkt f\u00fcr Dein Erstgespr\u00e4ch.<\/li>\n<li><strong>Analyse &amp; Beratung \u2013<\/strong> Gemeinsam besprechen wir Deine Herausforderungen und Ziele.<\/li>\n<li><strong>Individueller Plan \u2013<\/strong> Du erh\u00e4ltst einen ma\u00dfgeschneiderten Vorschlag mit klaren Ma\u00dfnahmen und Zeitrahmen.<\/li>\n<li><strong>Umsetzung starten \u2013<\/strong> Wir \u00fcbernehmen die Optimierung, w\u00e4hrend Du Dich auf Dein Kerngesch\u00e4ft konzentrierst.<\/li>\n<\/ol>\n<p> <img decoding=\"async\" src=\"\" \/><\/p>\n","protected":false},"excerpt":{"rendered":"<p>F\u00fcr Zoll-Teams mit knappen Ressourcen Zollberatung, die sich auszahlt Keine Zeit f\u00fcr Optimierungen? Wir \u00fcbernehmen das! Mit unserem bew\u00e4hrten System analysieren wir alle Bereiche und setzen gezielte Ma\u00dfnahmen um. Damit garantieren wir die Compliance Deiner Zollorganisation und machen sie zugleich effizienter, innovativer und kostenbewusster. Interne Zollaudits &amp; Compliance Prozessentwicklung und Umsetzung Standardisierung &amp; Digitalisierung\u00a0 Erfolgreiche [&hellip;]<\/p>\n","protected":false},"author":4,"featured_media":0,"parent":0,"menu_order":0,"comment_status":"closed","ping_status":"closed","template":"","meta":{"footnotes":""},"class_list":["post-4020","page","type-page","status-publish","hentry"],"yoast_head":"<!-- This site is optimized with the Yoast SEO plugin v27.2 - https:\/\/yoast.com\/product\/yoast-seo-wordpress\/ -->\n<title>Zollberatung f\u00fcr international agierende Unternehmen - Grenzlotsen<\/title>\n<meta name=\"description\" content=\"Effiziente Zollberatung f\u00fcr Unternehmen mit knappen Ressourcen \u2013 Compliance sichern, Prozesse optimieren und Digitalisierung vorantreiben.\" \/>\n<meta name=\"robots\" content=\"index, follow, max-snippet:-1, max-image-preview:large, max-video-preview:-1\" \/>\n<link rel=\"canonical\" href=\"https:\/\/www.grenzlotsen.de\/en\/beratung\/\" \/>\n<meta property=\"og:locale\" content=\"en_US\" \/>\n<meta property=\"og:type\" content=\"article\" \/>\n<meta property=\"og:title\" content=\"Zollberatung f\u00fcr international agierende Unternehmen - Grenzlotsen\" \/>\n<meta property=\"og:description\" content=\"Effiziente Zollberatung f\u00fcr Unternehmen mit knappen Ressourcen \u2013 Compliance sichern, Prozesse optimieren und Digitalisierung vorantreiben.\" \/>\n<meta property=\"og:url\" content=\"https:\/\/www.grenzlotsen.de\/en\/beratung\/\" \/>\n<meta property=\"og:site_name\" content=\"Grenzlotsen\" \/>\n<meta property=\"article:modified_time\" content=\"2025-03-26T14:59:23+00:00\" \/>\n<meta property=\"og:image\" content=\"https:\/\/nw.grenzlotsen.de\/wp-content\/uploads\/2024\/10\/LONGWisE-min.jpg\" \/>\n<meta name=\"twitter:card\" content=\"summary_large_image\" \/>\n<meta name=\"twitter:label1\" content=\"Est. reading time\" \/>\n\t<meta name=\"twitter:data1\" content=\"6 minutes\" \/>\n<script type=\"application\/ld+json\" class=\"yoast-schema-graph\">{\"@context\":\"https:\/\/schema.org\",\"@graph\":[{\"@type\":\"WebPage\",\"@id\":\"https:\/\/www.grenzlotsen.de\/en\/beratung\/\",\"url\":\"https:\/\/www.grenzlotsen.de\/en\/beratung\/\",\"name\":\"Zollberatung f\u00fcr international agierende Unternehmen - Grenzlotsen\",\"isPartOf\":{\"@id\":\"https:\/\/www.grenzlotsen.de\/en\/#website\"},\"primaryImageOfPage\":{\"@id\":\"https:\/\/www.grenzlotsen.de\/en\/beratung\/#primaryimage\"},\"image\":{\"@id\":\"https:\/\/www.grenzlotsen.de\/en\/beratung\/#primaryimage\"},\"thumbnailUrl\":\"https:\/\/nw.grenzlotsen.de\/wp-content\/uploads\/2024\/10\/LONGWisE-min.jpg\",\"datePublished\":\"2024-11-18T03:43:15+00:00\",\"dateModified\":\"2025-03-26T14:59:23+00:00\",\"description\":\"Effiziente Zollberatung f\u00fcr Unternehmen mit knappen Ressourcen \u2013 Compliance sichern, Prozesse optimieren und Digitalisierung vorantreiben.\",\"breadcrumb\":{\"@id\":\"https:\/\/www.grenzlotsen.de\/en\/beratung\/#breadcrumb\"},\"inLanguage\":\"en-US\",\"potentialAction\":[{\"@type\":\"ReadAction\",\"target\":[\"https:\/\/www.grenzlotsen.de\/en\/beratung\/\"]}]},{\"@type\":\"ImageObject\",\"inLanguage\":\"en-US\",\"@id\":\"https:\/\/www.grenzlotsen.de\/en\/beratung\/#primaryimage\",\"url\":\"https:\/\/nw.grenzlotsen.de\/wp-content\/uploads\/2024\/10\/LONGWisE-min.jpg\",\"contentUrl\":\"https:\/\/nw.grenzlotsen.de\/wp-content\/uploads\/2024\/10\/LONGWisE-min.jpg\"},{\"@type\":\"BreadcrumbList\",\"@id\":\"https:\/\/www.grenzlotsen.de\/en\/beratung\/#breadcrumb\",\"itemListElement\":[{\"@type\":\"ListItem\",\"position\":1,\"name\":\"Startseite\",\"item\":\"https:\/\/www.grenzlotsen.de\/en\/\"},{\"@type\":\"ListItem\",\"position\":2,\"name\":\"Beratung\"}]},{\"@type\":\"WebSite\",\"@id\":\"https:\/\/www.grenzlotsen.de\/en\/#website\",\"url\":\"https:\/\/www.grenzlotsen.de\/en\/\",\"name\":\"Grenzlotsen\",\"description\":\"\",\"potentialAction\":[{\"@type\":\"SearchAction\",\"target\":{\"@type\":\"EntryPoint\",\"urlTemplate\":\"https:\/\/www.grenzlotsen.de\/en\/?s={search_term_string}\"},\"query-input\":{\"@type\":\"PropertyValueSpecification\",\"valueRequired\":true,\"valueName\":\"search_term_string\"}}],\"inLanguage\":\"en-US\"}]}<\/script>\n<!-- \/ Yoast SEO plugin. -->","yoast_head_json":{"title":"Zollberatung f\u00fcr international agierende Unternehmen - Grenzlotsen","description":"Effiziente Zollberatung f\u00fcr Unternehmen mit knappen Ressourcen \u2013 Compliance sichern, Prozesse optimieren und Digitalisierung vorantreiben.","robots":{"index":"index","follow":"follow","max-snippet":"max-snippet:-1","max-image-preview":"max-image-preview:large","max-video-preview":"max-video-preview:-1"},"canonical":"https:\/\/www.grenzlotsen.de\/en\/beratung\/","og_locale":"en_US","og_type":"article","og_title":"Zollberatung f\u00fcr international agierende Unternehmen - Grenzlotsen","og_description":"Effiziente Zollberatung f\u00fcr Unternehmen mit knappen Ressourcen \u2013 Compliance sichern, Prozesse optimieren und Digitalisierung vorantreiben.","og_url":"https:\/\/www.grenzlotsen.de\/en\/beratung\/","og_site_name":"Grenzlotsen","article_modified_time":"2025-03-26T14:59:23+00:00","og_image":[{"url":"https:\/\/nw.grenzlotsen.de\/wp-content\/uploads\/2024\/10\/LONGWisE-min.jpg","type":"","width":"","height":""}],"twitter_card":"summary_large_image","twitter_misc":{"Est. reading time":"6 minutes"},"schema":{"@context":"https:\/\/schema.org","@graph":[{"@type":"WebPage","@id":"https:\/\/www.grenzlotsen.de\/en\/beratung\/","url":"https:\/\/www.grenzlotsen.de\/en\/beratung\/","name":"Zollberatung f\u00fcr international agierende Unternehmen - Grenzlotsen","isPartOf":{"@id":"https:\/\/www.grenzlotsen.de\/en\/#website"},"primaryImageOfPage":{"@id":"https:\/\/www.grenzlotsen.de\/en\/beratung\/#primaryimage"},"image":{"@id":"https:\/\/www.grenzlotsen.de\/en\/beratung\/#primaryimage"},"thumbnailUrl":"https:\/\/nw.grenzlotsen.de\/wp-content\/uploads\/2024\/10\/LONGWisE-min.jpg","datePublished":"2024-11-18T03:43:15+00:00","dateModified":"2025-03-26T14:59:23+00:00","description":"Effiziente Zollberatung f\u00fcr Unternehmen mit knappen Ressourcen \u2013 Compliance sichern, Prozesse optimieren und Digitalisierung vorantreiben.","breadcrumb":{"@id":"https:\/\/www.grenzlotsen.de\/en\/beratung\/#breadcrumb"},"inLanguage":"en-US","potentialAction":[{"@type":"ReadAction","target":["https:\/\/www.grenzlotsen.de\/en\/beratung\/"]}]},{"@type":"ImageObject","inLanguage":"en-US","@id":"https:\/\/www.grenzlotsen.de\/en\/beratung\/#primaryimage","url":"https:\/\/nw.grenzlotsen.de\/wp-content\/uploads\/2024\/10\/LONGWisE-min.jpg","contentUrl":"https:\/\/nw.grenzlotsen.de\/wp-content\/uploads\/2024\/10\/LONGWisE-min.jpg"},{"@type":"BreadcrumbList","@id":"https:\/\/www.grenzlotsen.de\/en\/beratung\/#breadcrumb","itemListElement":[{"@type":"ListItem","position":1,"name":"Startseite","item":"https:\/\/www.grenzlotsen.de\/en\/"},{"@type":"ListItem","position":2,"name":"Beratung"}]},{"@type":"WebSite","@id":"https:\/\/www.grenzlotsen.de\/en\/#website","url":"https:\/\/www.grenzlotsen.de\/en\/","name":"Grenzlotsen","description":"","potentialAction":[{"@type":"SearchAction","target":{"@type":"EntryPoint","urlTemplate":"https:\/\/www.grenzlotsen.de\/en\/?s={search_term_string}"},"query-input":{"@type":"PropertyValueSpecification","valueRequired":true,"valueName":"search_term_string"}}],"inLanguage":"en-US"}]}},"_links":{"self":[{"href":"https:\/\/www.grenzlotsen.de\/en\/wp-json\/wp\/v2\/pages\/4020","targetHints":{"allow":["GET"]}}],"collection":[{"href":"https:\/\/www.grenzlotsen.de\/en\/wp-json\/wp\/v2\/pages"}],"about":[{"href":"https:\/\/www.grenzlotsen.de\/en\/wp-json\/wp\/v2\/types\/page"}],"author":[{"embeddable":true,"href":"https:\/\/www.grenzlotsen.de\/en\/wp-json\/wp\/v2\/users\/4"}],"replies":[{"embeddable":true,"href":"https:\/\/www.grenzlotsen.de\/en\/wp-json\/wp\/v2\/comments?post=4020"}],"version-history":[{"count":7,"href":"https:\/\/www.grenzlotsen.de\/en\/wp-json\/wp\/v2\/pages\/4020\/revisions"}],"predecessor-version":[{"id":5193,"href":"https:\/\/www.grenzlotsen.de\/en\/wp-json\/wp\/v2\/pages\/4020\/revisions\/5193"}],"wp:attachment":[{"href":"https:\/\/www.grenzlotsen.de\/en\/wp-json\/wp\/v2\/media?parent=4020"}],"curies":[{"name":"wp","href":"https:\/\/api.w.org\/{rel}","templated":true}]}}